{"id":5,"date":"2018-09-06T13:13:50","date_gmt":"2018-09-06T11:13:50","guid":{"rendered":"http:\/\/www.christa-schenk.fr\/index.php\/one-page-express\/"},"modified":"2025-10-25T12:59:51","modified_gmt":"2025-10-25T10:59:51","slug":"one-page-express","status":"publish","type":"page","link":"https:\/\/www.christa-schenk.fr\/","title":{"rendered":"Front Page"},"content":{"rendered":"<div id=\"presentation\" class=\"features-large-icons-section\" style=\"background-color: #ffffff;\" data-label=\"Presentation\" data-id=\"features-large-icons-section\" data-category=\"features\">\n<div class=\"gridContainer dynamic-color\">\n<div class=\"features-large-icons-textrow\">\n<div class=\"features-large-icons-textcol\" data-type=\"column\">\n<h2 class=\"\">Pr\u00e9sentation<\/h2>\n<p class=\"\">Se d\u00e9couvrir, mieux se conna\u00eetre et utiliser son potentiel<\/p>\n\n<\/div>\n<\/div>\n<div class=\"features-large-icons-featrow\" data-type=\"row\">\n<div class=\"features-large-icons-featcol cp3cols cp6cols-tablet\">\n\n<img decoding=\"async\" class=\"custom-image\" src=\"http:\/\/www.christa-schenk.fr\/wp-content\/uploads\/2019\/11\/FlowerFlatDesign.png\" \/>\n<div class=\"features-icon-container-nomargin\"><\/div>\n<p class=\"\">G\u00e9rer stress, peurs, blocages, mal-\u00eatre\u2026\nPour Enfants,\u00a0Adolescents,\nAdultes, &amp; S\u00e9niors<\/p>\n\n<\/div>\n<div class=\"features-large-icons-featcol cp3cols cp6cols-tablet\">\n<div class=\"features-icon-container-nomargin\"><\/div>\n<img decoding=\"async\" class=\"custom-image\" src=\"http:\/\/www.christa-schenk.fr\/wp-content\/uploads\/2018\/10\/Enfants.png\" \/>\n<p class=\"\">Am\u00e9liorer ses capacit\u00e9s d\u2019apprentissage,\nde m\u00e9morisation\net\u00a0de concentration<\/p>\n\n<\/div>\n<div class=\"features-large-icons-featcol cp3cols cp6cols-tablet\">\n<div class=\"features-icon-container-nomargin\"><\/div>\n<img decoding=\"async\" class=\"custom-image\" src=\"http:\/\/www.christa-schenk.fr\/wp-content\/uploads\/2019\/11\/Feuilles.png\" \/>\n<p class=\"\">Outils : Ontokin\u00e9siologie,\nKin\u00e9sio Transpersonnelle\u00ae,\nBrain Gym\u00ae, Sant\u00e9 par le\nToucher, Relation d\u2019Aide\nCanadienne, Psychologie Positive, Th\u00e9rapie de couple, Communication Bienveillante<\/p>\n\n<\/div>\n<div class=\"features-large-icons-featcol cp3cols cp6cols-tablet\">\n<div class=\"features-icon-container-nomargin\"><\/div>\n<img decoding=\"async\" class=\"custom-image\" src=\"http:\/\/www.christa-schenk.fr\/wp-content\/uploads\/2019\/11\/Gouttes.png\" \/>\n<p class=\"\">Changer notre\ncomportement inefficace\nh\u00e9rit\u00e9 de notre \u00e9ducation\net de nos exp\u00e9riences<\/p>\n\n<\/div>\n<\/div>\n<\/div>\n<\/div>\n<div id=\"christa-1\" class=\"about-big-images-section\" style=\"background-color: #f6f6f6;\" data-label=\"Christa\" data-id=\"about-big-images-section\" data-category=\"about\">\n<div class=\"gridContainer\">\n<div class=\"about-big-images-textrow\">\n<div class=\"about-big-images-textcol dynamic-color\" data-type=\"column\">\n<h3 class=\"\"><span class=\"span25\">Christa, somato-relaxologue\u00ae, praticienne en kin\u00e9siologie, Accompagnatrice de vie<\/span><\/h3>\n<p class=\"\">J\u2019ai commenc\u00e9 \u00e0 m\u2019int\u00e9resser \u00e0 la complexit\u00e9 et \u00e0 la beaut\u00e9 de l\u2019\u00eatre humain en partant travailler sur un bateau dont l\u2019\u00e9quipage \u00e9tait compos\u00e9 de cinq personnes de quatre nationalit\u00e9s diff\u00e9rentes et de cultures bien distinctes. Puis, \u00e0 mon retour de ce p\u00e9riple merveilleux, j\u2019ai travaill\u00e9 en Allemagne dans une \u00e9cole qui accueillait des enfants jusqu\u2019\u00e0 5 ans. J\u2019ai beaucoup appris sur le partage, l\u2019\u00e9coute, la cr\u00e9ativit\u00e9 et l\u2019amour. Par la suite, la rencontre avec mon mari, pharmacien, m\u2019a permis de revenir en France o\u00f9 nous avons cr\u00e9\u00e9 une parapharmacie.<\/p>\n\n<\/div>\n<\/div>\n<\/div>\n<div class=\"about-big-images-bottomrow\">\n<div class=\"about-big-images-leftimgcol\"><img decoding=\"async\" class=\"about-big-images-leftimg\" src=\"http:\/\/www.christa-schenk.fr\/wp-content\/uploads\/2019\/11\/IMG_6679C.jpg\" \/><\/div>\n<div class=\"about-big-images-centerimgcol\"><img decoding=\"async\" class=\"about-big-images-centerimg\" src=\"http:\/\/www.christa-schenk.fr\/wp-content\/uploads\/2019\/11\/CabinetC.jpg\" \/><\/div>\n<div class=\"about-big-images-rightimgcol\"><img decoding=\"async\" class=\"about-big-images-rightimg\" src=\"http:\/\/www.christa-schenk.fr\/wp-content\/uploads\/2024\/11\/Portait_Christa_2024-scaled.jpeg\" \/><\/div>\n<\/div>\n<\/div>\n<div id=\"christa\" class=\"about-four-boxes-section\" style=\"background-color: #ffffff;\" data-label=\"Christa\" data-id=\"about-four-boxes-section\" data-category=\"about\">\n<div class=\"gridContainer\">\n<div class=\"about-four-boxes-innerrow flexbox-list\">\n<div class=\"about-four-boxes-imgcol\" style=\"background-image: url('http:\/\/www.christa-schenk.fr\/wp-content\/uploads\/2019\/11\/Photo-5-3.jpg');\" data-bg=\"image\"><\/div>\n<div class=\"about-four-boxes-textcol\" data-type=\"column\">\n<p class=\"\">Ces ann\u00e9es m\u2019ont donn\u00e9 la libert\u00e9 de suivre diff\u00e9rentes formations : \u00e9lixirs floraux, huiles essentielles, hom\u00e9opathie\u2026 Mais ce sont surtout les nombreux stages de d\u00e9veloppement personnel qui ont boulevers\u00e9 ma vision de la vie.<\/p>\n\n<\/div>\n<div class=\"about-four-boxes-textcol\" data-type=\"column\">\n<p class=\"\">De retour de l\u2019un de ces stages au Canada avec (\u00c9coute Ton Corps), j\u2019ai suivi les cours de Didier Collin pendant deux ans pour obtenir mon dipl\u00f4me de Somato-relaxologue. Cette technique reste aujourd\u2019hui un pilier dans ma pratique.<\/p>\n\n<\/div>\n<div class=\"about-four-boxes-imgcol2\" style=\"background-image: url('http:\/\/www.christa-schenk.fr\/wp-content\/uploads\/2019\/11\/Photo-3-4.jpg');\" data-bg=\"image\"><\/div>\n<\/div>\n<\/div>\n<\/div>\n<div id=\"christa-2\" class=\"content-left-image-section\" style=\"background-color: #f6f6f6;\" data-label=\"Christa\" data-id=\"content-image-left\" data-category=\"content\">\n<div class=\"gridContainer\">\n<div class=\"row\">\n<div class=\"content-left-image-imgcol\" data-type=\"column\"><img decoding=\"async\" class=\"\" src=\"http:\/\/www.christa-schenk.fr\/wp-content\/uploads\/2019\/11\/Photo-3.jpg\" \/><\/div>\n<div class=\"content-left-image-textcol dynamic-color\" data-type=\"column\">\n<p class=\"large_text\">Apr\u00e8s quelques ann\u00e9es \u00e0 m\u2019\u00e9parpiller et \u00e0 bondir dans diff\u00e9rentes activit\u00e9s, une remise en question sur le sens de la vie m\u2019a amen\u00e9e \u00e0 me recentrer et \u00e0 faire de nouveaux choix, dont celui de privil\u00e9gier mon r\u00f4le de maman aupr\u00e8s de mes trois enfants.\nPuis la kin\u00e9siologie s\u2019est alors pr\u00e9sent\u00e9e \u00e0 moi comme un renouveau. J\u2019ai alors suivi le cursus complet de l\u2019\u00e9cole de Kin\u00e9siologie Transpersonnelle\u00ae de Serge Kernilis pendant plus de deux ans.\nLes multiples formations et s\u00e9minaires que je continue de suivre chaque ann\u00e9e me permettent d\u2019apprendre toujours plus sur le fonctionnement humain.\nC\u2019est avec un plaisir immense que je mets en pratique, chaque jour, l\u2019ensemble de mes connaissances pour apporter un\n\u00ab meilleur vivre \u00bb aux personnes que je rencontre.<\/p>\n\n<\/div>\n<\/div>\n<\/div>\n<\/div>\n<div id=\"outils\" class=\"features-square-image-section\" style=\"background-color: #ffffff;\" data-label=\"Outils\" data-id=\"features-square-image-section\" data-category=\"features\">\n<div class=\"gridContainer dynamic-color\">\n<div class=\"features-square-image-textrow\">\n<div class=\"features-square-image-textcol\" data-type=\"column\">\n<h2 class=\"\">Outils et m\u00e9thodes<\/h2>\n<p class=\"\">Je propose des s\u00e9ances individuelles, en <strong>cabinet<\/strong> ou en <strong>visio<\/strong>, adapt\u00e9es aux besoins de chacun, celles-ci s\u2019adressent :<\/p>\n\n<\/div>\n<\/div>\n<div class=\"features-square-image-innerrow\" data-type=\"row\">\n<div class=\"features-square-image-featcol cp6cols-tablet cp6cols\">\n\n<img decoding=\"async\" class=\"features-square-image-featimg\" src=\"http:\/\/www.christa-schenk.fr\/wp-content\/uploads\/2019\/11\/Photo-6-3C.jpg\" \/>\n<h4 class=\"\">Aux enfants et aux adolescents<\/h4>\n<p class=\"\">Afin d\u2019am\u00e9liorer leurs capacit\u00e9s d\u2019apprentissage, de m\u00e9morisation, de concentration, et leur positionnement face au \u00ab mal-\u00eatre \u00bb\u2026<\/p>\n\n<\/div>\n<div class=\"features-square-image-featcol cp6cols-tablet cp6cols\">\n\n<img decoding=\"async\" class=\"features-square-image-featimg\" src=\"http:\/\/www.christa-schenk.fr\/wp-content\/uploads\/2019\/11\/Photo-4-4C.jpg\" \/>\n<h4 class=\"\">Aux adultes<\/h4>\n<p class=\"\">Pour leur donner l\u2019opportunit\u00e9 de transformer le stress, les peurs, les blocages, les exp\u00e9riences n\u00e9gatives, les croyances\u2026 en \u00e9nergie positive et en joie<\/p>\n\n<\/div>\n<\/div>\n<\/div>\n<\/div>\n<div id=\"outils-1\" class=\"content-full-left-image-section\" style=\"background-color: #f6f6f6;\" data-label=\"Outils\" data-id=\"content-full-left-image-section\" data-category=\"content\">\n<div class=\"content-full-left-image-innerrow\">\n<div class=\"content-full-left-image-imgcol\" style=\"background-image: url('http:\/\/www.christa-schenk.fr\/wp-content\/uploads\/2019\/11\/Photo-2-4.jpg');\" data-bg=\"image\"><\/div>\n<div class=\"content-full-left-image-textcol dynamic-color\">\n<div class=\"\" data-type=\"column\">\n<h2 class=\"\">J\u2019utilise les techniques suivantes<\/h2>\n<p class=\"\">La somato-relaxologie est une technique de revitalisation du corps pour une parfaite harmonie entre corps et esprit.<\/p>\n\n<div class=\"spacer\" data-type=\"group\"><\/div>\n<p class=\"\"><span style=\"font-family: 'Source Sans Pro', sans-serif; font-size: 18px;\">La kin\u00e9siologie (avec le test musculaire) est une m\u00e9thode rapide et efficace pour mettre en relation le corps, l\u2019\u00e9motionnel et le mental.\u00a0Celle-ci se pratique selon diff\u00e9rentes m\u00e9thodes :<\/span><\/p>\n\n<\/div>\n<div class=\"content-full-left-image-featuresrow\">\n<div class=\"content-full-left-image-featurescol\" data-type=\"column\">\n<h5 class=\"\">L\u2019Education Kinesth\u00e9sique<\/h5>\n<p class=\"\">ou Brain Gym\u00ae, l\u2019apprentissage par le mouvement de Paul Dennison<\/p>\n\n<h5 class=\"\">La \u00ab Sant\u00e9 par le Toucher \u00bb<\/h5>\n<p class=\"\">de John Thie<\/p>\n\n<h5 class=\"\">L\u2019Ontokin\u00e9siologie<\/h5>\n<p class=\"\"><span style=\"font-family: 'Source Sans Pro', sans-serif; font-size: 18px;\">d\u2019Alfred Manuel\n<\/span><\/p>\n\n<\/div>\n<div class=\"content-full-left-image-featurescol\" data-type=\"column\">\n<h5 class=\"\">La Kin\u00e9siologie Transpersonnelle\u00ae<\/h5>\n<p class=\"\">de Serge Kernilis<\/p>\n\n<h5 class=\"\">La Kin\u00e9siologie Harmonique<\/h5>\n<p class=\"\">de Jean-Pierre Bourguet<\/p>\n\n<h5 class=\"\">\u00c9coute ton corps<\/h5>\n<p class=\"\">de L\u012bse \u00a0B\u00f8urbeau<\/p>\n\n<h5 class=\"\">Formations d\u2019accompagnement<\/h5>\n<p class=\"\">Couple, Famille, Communication, Psychologie Positive<\/p>\n\n<\/div>\n<\/div>\n<div class=\"content-full-left-image-featurescol\">\n<h6 class=\"\"><span style=\"font-size: 18px; font-family: 'Source Sans Pro', sans-serif; text-align: center; caret-color: #666666; color: #666666; letter-spacing: normal; text-transform: none;\">Je suis \u00e0 votre \u00e9coute pour aborder ces techniques avec davantage de pr\u00e9cision. La majorit\u00e9 de ces m\u00e9thodes rel\u00e8vent de la m\u00e9decine chinoise, elles sont adapt\u00e9es en fonction de chacun, dans le but d\u2019un accompagnement au \u00ab\u00a0mieux-\u00eatre\u00a0\u00bb pour se conna\u00eetre et se reconna\u00eetre. Elles ne se substituent en aucun cas \u00e0 la m\u00e9decine.<\/span><\/h6>\n<\/div>\n<\/div>\n<\/div>\n<\/div>\n<div id=\"tarifs\" class=\"features-overlapped-icons-section stripped-features-overlapped-icons-section\" style=\"background-color: #ffffff;\" data-label=\"Tarifs\" data-id=\"stripped-features-overlapped-icons-section\" data-category=\"overlapable\" data-overlap=\"true\">\n<div class=\"gridContainer\">\n<div class=\"features-overlapped-icons-featuresrow flexbox-list\" data-type=\"row\">\n<div class=\"features-large-icons-featcol cp6cols-tablet cp6cols\">\n<div class=\"features-overlapped-icons-featinnerrow\">\n<div class=\"features-icon-container\"><\/div>\n<div class=\"\" data-type=\"column\"><br class=\"\" \/>\n<br class=\"\" \/>\n<h4 class=\"\">S\u00e9ance individuelle Adulte<\/h4>\n<p class=\"\">60 \u20ac la s\u00e9ance\n\nNouveau\u00a0: cr\u00e9neaux plus flexibles en visio !<\/p>\n\n<\/div>\n<\/div>\n<\/div>\n<div class=\"features-large-icons-featcol cp6cols-tablet cp6cols\">\n<div class=\"features-overlapped-icons-featinnerrow\">\n<div class=\"features-icon-container\"><\/div>\n<div class=\"\" data-type=\"column\"><br class=\"\" \/>\n<br class=\"\" \/>\n<h4 class=\"\">S\u00e9ance individuelle Enfant \u2013 Ado<\/h4>\n<p class=\"\">40 \u20ac la s\u00e9ance\n(35 \u20ac jusqu\u2019\u00e0 6 ans)<\/p>\n\n<\/div>\n<\/div>\n<\/div>\n<div class=\"features-large-icons-featcol cp6cols-tablet cp6cols\">\n<div class=\"features-overlapped-icons-featinnerrow\">\n<div class=\"features-icon-container\"><\/div>\n<div class=\"\" data-type=\"column\"><br class=\"\" \/>\n<br class=\"\" \/>\n<h4 class=\"\">S\u00e9ance couple ou famille<\/h4>\n<p class=\"\">70 \u20ac la s\u00e9ance<\/p>\n\n<\/div>\n<\/div>\n<\/div>\n<\/div>\n<\/div>\n<\/div>\n<div id=\"contact\" class=\"contact-section-formsection white-text\" data-label=\"Contact\" data-id=\"contact-section\" data-category=\"contact\" data-bg=\"transparent\">\n<div class=\"gridContainer\">\n<div class=\"row_224\">\n<div class=\"contact-textrow\">\n<div class=\"contact-textcol dynamic-color\">\n<h2 class=\"\">Contact<\/h2>\n<p class=\"white_text\">Vous avez un sujet qui vous trotte dans la t\u00eate ?\nVous pouvez m\u2019en faire part en remplissant le formulaire suivant, et je r\u00e9pondrai au plus vite :<\/p>\n\n<\/div>\n<\/div>\n<\/div>\n<div class=\"contact-formcol\" data-content-shortcode=\"one_page_express_contact_form shortcode=&quot;contact-form-7 id=&amp;amp;quot;7&amp;amp;quot; title=&amp;amp;quot;Formulaire de contact 1&amp;amp;quot;&quot;\" data-editable=\"true\"><div role=\"form\" class=\"wpcf7\" id=\"wpcf7-f7-o1\" lang=\"fr-FR\" dir=\"ltr\">\n<div class=\"screen-reader-response\"><\/div>\n<form action=\"\/index.php\/wp-json\/wp\/v2\/pages\/5#wpcf7-f7-o1\" method=\"post\" class=\"wpcf7-form\" novalidate=\"novalidate\">\n<div style=\"display: none;\">\n<input type=\"hidden\" name=\"_wpcf7\" value=\"7\" \/>\n<input type=\"hidden\" name=\"_wpcf7_version\" value=\"5.1.7\" \/>\n<input type=\"hidden\" name=\"_wpcf7_locale\" value=\"fr_FR\" \/>\n<input type=\"hidden\" name=\"_wpcf7_unit_tag\" value=\"wpcf7-f7-o1\" \/>\n<input type=\"hidden\" name=\"_wpcf7_container_post\" value=\"0\" \/>\n<input type=\"hidden\" name=\"g-recaptcha-response\" value=\"\" \/>\n<\/div>\n<p><label> Votre nom (obligatoire)<br \/>\n    <span class=\"wpcf7-form-control-wrap your-name\"><input type=\"text\" name=\"your-name\" value=\"\" size=\"40\" class=\"wpcf7-form-control wpcf7-text wpcf7-validates-as-required\" aria-required=\"true\" aria-invalid=\"false\" \/><\/span> <\/label><\/p>\n<p><label> Votre adresse de messagerie (obligatoire)<br \/>\n    <span class=\"wpcf7-form-control-wrap your-email\"><input type=\"email\" name=\"your-email\" value=\"\" size=\"40\" class=\"wpcf7-form-control wpcf7-text wpcf7-email wpcf7-validates-as-required wpcf7-validates-as-email\" aria-required=\"true\" aria-invalid=\"false\" \/><\/span> <\/label><\/p>\n<p><label> Votre num\u00e9ro de t\u00e9l\u00e9phone (obligatoire)<br \/>\n    <span class=\"wpcf7-form-control-wrap tlphone\"><input type=\"tel\" name=\"tlphone\" value=\"\" size=\"40\" class=\"wpcf7-form-control wpcf7-text wpcf7-tel wpcf7-validates-as-required wpcf7-validates-as-tel\" aria-required=\"true\" aria-invalid=\"false\" \/><\/span><\/label><\/p>\n<p><label> Objet<br \/>\n    <span class=\"wpcf7-form-control-wrap your-subject\"><input type=\"text\" name=\"your-subject\" value=\"\" size=\"40\" class=\"wpcf7-form-control wpcf7-text\" aria-invalid=\"false\" \/><\/span> <\/label><\/p>\n<p><label> Votre message<br \/>\n    <span class=\"wpcf7-form-control-wrap your-message\"><textarea name=\"your-message\" cols=\"40\" rows=\"10\" class=\"wpcf7-form-control wpcf7-textarea\" aria-invalid=\"false\"><\/textarea><\/span> <\/label><\/p>\n<p style=\"color:black;\"><span class=\"wpcf7-form-control-wrap acceptance-985\"><span class=\"wpcf7-form-control wpcf7-acceptance\"><span class=\"wpcf7-list-item\"><input type=\"checkbox\" name=\"acceptance-985\" value=\"1\" aria-invalid=\"false\" \/><\/span><\/span><\/span> J'ai lu et j'accepte la <a href=\"http:\/\/www.christa-schenk.fr\/index.php\/politique-de-confidentialite\/\">Politique de confidentialit\u00e9<\/a><\/p>\n<p><input type=\"submit\" value=\"Envoyer\" class=\"wpcf7-form-control wpcf7-submit\" \/><\/p>\n<div class=\"wpcf7-response-output wpcf7-display-none\"><\/div><\/form><\/div><\/div>\n<\/div>\n<\/div>\n<div id=\"features-2\" class=\"features-image-cards-section\" style=\"background-color: #f6f6f6;\" data-label=\"Features\" data-id=\"features-image-cards-section\" data-category=\"features\">\n<div class=\"gridContainer\">\n<div class=\"features-image-cards-textrow\">\n<div class=\"features-image-cards-textcol dynamic-color\" data-type=\"column\">\n\n\u00a0 \u00a0 \u00a0 \u00a0 \u00a0 \u00a0 \u00a0 \u00a0 \u00a0 \u00a0 \u00a0 \u00a0 \u00a0 \u00a0 \u00a0 \u00a0 \u00a0\u00a0<a class=\"\" href=\"http:\/\/willem-tredan.fr\"><img decoding=\"async\" src=\"http:\/\/www.christa-schenk.fr\/wp-content\/uploads\/2018\/10\/logohaut-e1539454477230.png\" alt=\"logo\" \/><\/a>\u00a0 \u00a0\u00a0Site cr\u00e9\u00e9 par Willem TREDAN : \u00a0<a class=\"\" href=\"mailto:w.tredan@hotmail.fr\">w.tredan@hotmail.fr<\/a> \u00a0 \u00a0 \u00a0 \u00a0 \u00a0\u00a0<a class=\"\" href=\"https:\/\/www.christa-schenk.fr\/index.php\/mentions-legales\" target=\"_self\" rel=\"noopener noreferrer\">mentions l\u00e9gales<\/a>\n\n<\/div>\n<\/div>\n<div class=\"features-image-cards-innerrow flexbox-list dark-text\" data-type=\"row\">\n<div class=\"features-image-cards-cardcol cp4cols cp6cols-tablet\">\n<div class=\"features-image-cards-cardrow\">\n<div class=\"features-image-cards-cardtextrow\" data-type=\"column\"><\/div>\n<\/div>\n<\/div>\n<\/div>\n<\/div>\n<\/div>","protected":false},"excerpt":{"rendered":"<p>Pr\u00e9sentation Se d\u00e9couvrir, mieux se conna\u00eetre et utiliser son potentiel G\u00e9rer stress, peurs, blocages, mal-\u00eatre\u2026 Pour Enfants,\u00a0Adolescents, Adultes, &amp; S\u00e9niors Am\u00e9liorer ses capacit\u00e9s d\u2019apprentissage, de m\u00e9morisation et\u00a0de concentration Outils : Ontokin\u00e9siologie, Kin\u00e9sio Transpersonnelle\u00ae, Brain Gym\u00ae, Sant\u00e9 par le Toucher, Relation d\u2019Aide Canadienne, Psychologie Positive, Th\u00e9rapie de couple, Communication Bienveillante Changer notre comportement inefficace h\u00e9rit\u00e9 de&hellip; <br \/> <a class=\"button small blue\" href=\"https:\/\/www.christa-schenk.fr\/\">Lire la suite<\/a><\/p>\n","protected":false},"author":1,"featured_media":0,"parent":0,"menu_order":0,"comment_status":"closed","ping_status":"closed","template":"","meta":{"footnotes":""},"class_list":["post-5","page","type-page","status-publish","hentry"],"_links":{"self":[{"href":"https:\/\/www.christa-schenk.fr\/index.php\/wp-json\/wp\/v2\/pages\/5","targetHints":{"allow":["GET"]}}],"collection":[{"href":"https:\/\/www.christa-schenk.fr\/index.php\/wp-json\/wp\/v2\/pages"}],"about":[{"href":"https:\/\/www.christa-schenk.fr\/index.php\/wp-json\/wp\/v2\/types\/page"}],"author":[{"embeddable":true,"href":"https:\/\/www.christa-schenk.fr\/index.php\/wp-json\/wp\/v2\/users\/1"}],"replies":[{"embeddable":true,"href":"https:\/\/www.christa-schenk.fr\/index.php\/wp-json\/wp\/v2\/comments?post=5"}],"version-history":[{"count":129,"href":"https:\/\/www.christa-schenk.fr\/index.php\/wp-json\/wp\/v2\/pages\/5\/revisions"}],"predecessor-version":[{"id":805,"href":"https:\/\/www.christa-schenk.fr\/index.php\/wp-json\/wp\/v2\/pages\/5\/revisions\/805"}],"wp:attachment":[{"href":"https:\/\/www.christa-schenk.fr\/index.php\/wp-json\/wp\/v2\/media?parent=5"}],"curies":[{"name":"wp","href":"https:\/\/api.w.org\/{rel}","templated":true}]}}